{"id":24,"date":"2010-03-02T22:22:49","date_gmt":"2010-03-02T20:22:49","guid":{"rendered":"http:\/\/fvo.sk.d139wh.forpsi.com\/wp\/?page_id=24"},"modified":"2010-03-02T22:22:49","modified_gmt":"2010-03-02T20:22:49","slug":"aktivity","status":"publish","type":"page","link":"http:\/\/fvo.sk\/?page_id=24","title":{"rendered":"Aktivity"},"content":{"rendered":"<p>\u010clenovia F\u00f3ra pre verejn\u00e9 ot\u00e1zky s\u00fa akt\u00edvni v mnoh\u00fdch oblastiach verejn\u00e9ho \u017eivota. Na tejto str\u00e1nke n\u00e1jdete v prvom rade odkazy na aktivity, ktor\u00e9 sa organizuj\u00fa pod hlavi\u010dkou n\u00e1\u0161ho ob\u010dianskeho zdru\u017eenia, v s\u00falade s jeho cie\u013emi.<\/p>\n<p>N\u00e1jdete tu v\u0161ak aj ostatn\u00e9 aktivity na\u0161ich \u010dlenov a sympatizantov.<\/p>\n<h2>Aktivity F\u00f3ra pre verejn\u00e9 ot\u00e1zky, o.z.<\/h2>\n<ul>\n<li><a title=\"Vyhl\u00e1senia a otvoren\u00e9 listy FVO\" href=\"http:\/\/fvo.sk\/wp\/?page_id=29\">Vyhl\u00e1senia a otvoren\u00e9 listy<\/a><\/li>\n<li><a title=\"Konferencie a osveta\" href=\"http:\/\/fvo.sk\/wp\/?page_id=67\">Konferencie a osveta<\/a><\/li>\n<li><a title=\"In\u00e9 podujatia\" href=\"http:\/\/fvo.sk\/wp\/?page_id=229\">In\u00e9 podujatia<\/a><\/li>\n<\/ul>\n<h2>Aktivity \u010dlenov a sympatizantov FVO, o.z.<\/h2>\n<ul>\n<li>\u010cl\u00e1nky a publicistika<\/li>\n<li>Aktivity v politike<\/li>\n<li>In\u00e9 aktivity<\/li>\n<\/ul>\n","protected":false},"excerpt":{"rendered":"<p>\u010clenovia F\u00f3ra pre verejn\u00e9 ot\u00e1zky s\u00fa akt\u00edvni v mnoh\u00fdch oblastiach verejn\u00e9ho \u017eivota. Na tejto str\u00e1nke n\u00e1jdete v prvom rade odkazy na aktivity, ktor\u00e9 sa organizuj\u00fa pod hlavi\u010dkou n\u00e1\u0161ho ob\u010dianskeho zdru\u017eenia, v s\u00falade s jeho cie\u013emi. N\u00e1jdete tu v\u0161ak aj ostatn\u00e9 aktivity na\u0161ich \u010dlenov a sympatizantov. Aktivity F\u00f3ra pre verejn\u00e9 ot\u00e1zky, o.z. Vyhl\u00e1senia a otvoren\u00e9 listy [&hellip;]<\/p>\n","protected":false},"author":2,"featured_media":0,"parent":0,"menu_order":2,"comment_status":"closed","ping_status":"open","template":"page-templates\/full-width.php","meta":{"_monsterinsights_skip_tracking":false,"_monsterinsights_sitenote_active":false,"_monsterinsights_sitenote_note":"","_monsterinsights_sitenote_category":0,"footnotes":""},"class_list":["post-24","page","type-page","status-publish","hentry"],"yoast_head":"<!-- This site is optimized with the Yoast SEO plugin v23.4 - https:\/\/yoast.com\/wordpress\/plugins\/seo\/ -->\n<title>Aktivity - Forum pre verejne otazky<\/title>\n<meta name=\"robots\" content=\"index, follow, max-snippet:-1, max-image-preview:large, max-video-preview:-1\" \/>\n<link rel=\"canonical\" href=\"https:\/\/fvo.sk\/?page_id=24\" \/>\n<meta property=\"og:locale\" content=\"sk_SK\" \/>\n<meta property=\"og:type\" content=\"article\" \/>\n<meta property=\"og:title\" content=\"Aktivity - Forum pre verejne otazky\" \/>\n<meta property=\"og:description\" content=\"\u010clenovia F\u00f3ra pre verejn\u00e9 ot\u00e1zky s\u00fa akt\u00edvni v mnoh\u00fdch oblastiach verejn\u00e9ho \u017eivota. Na tejto str\u00e1nke n\u00e1jdete v prvom rade odkazy na aktivity, ktor\u00e9 sa organizuj\u00fa pod hlavi\u010dkou n\u00e1\u0161ho ob\u010dianskeho zdru\u017eenia, v s\u00falade s jeho cie\u013emi. N\u00e1jdete tu v\u0161ak aj ostatn\u00e9 aktivity na\u0161ich \u010dlenov a sympatizantov. Aktivity F\u00f3ra pre verejn\u00e9 ot\u00e1zky, o.z. Vyhl\u00e1senia a otvoren\u00e9 listy [&hellip;]\" \/>\n<meta property=\"og:url\" content=\"https:\/\/fvo.sk\/?page_id=24\" \/>\n<meta property=\"og:site_name\" content=\"Forum pre verejne otazky\" \/>\n<meta name=\"twitter:card\" content=\"summary_large_image\" \/>\n<script type=\"application\/ld+json\" class=\"yoast-schema-graph\">{\"@context\":\"https:\/\/schema.org\",\"@graph\":[{\"@type\":\"WebPage\",\"@id\":\"https:\/\/fvo.sk\/?page_id=24\",\"url\":\"https:\/\/fvo.sk\/?page_id=24\",\"name\":\"Aktivity - Forum pre verejne otazky\",\"isPartOf\":{\"@id\":\"http:\/\/fvo.sk\/#website\"},\"datePublished\":\"2010-03-02T20:22:49+00:00\",\"dateModified\":\"2010-03-02T20:22:49+00:00\",\"breadcrumb\":{\"@id\":\"https:\/\/fvo.sk\/?page_id=24#breadcrumb\"},\"inLanguage\":\"sk-SK\",\"potentialAction\":[{\"@type\":\"ReadAction\",\"target\":[\"https:\/\/fvo.sk\/?page_id=24\"]}]},{\"@type\":\"BreadcrumbList\",\"@id\":\"https:\/\/fvo.sk\/?page_id=24#breadcrumb\",\"itemListElement\":[{\"@type\":\"ListItem\",\"position\":1,\"name\":\"Home\",\"item\":\"http:\/\/fvo.sk\/\"},{\"@type\":\"ListItem\",\"position\":2,\"name\":\"Aktivity\"}]},{\"@type\":\"WebSite\",\"@id\":\"http:\/\/fvo.sk\/#website\",\"url\":\"http:\/\/fvo.sk\/\",\"name\":\"Forum pre verejne otazky\",\"description\":\"\",\"potentialAction\":[{\"@type\":\"SearchAction\",\"target\":{\"@type\":\"EntryPoint\",\"urlTemplate\":\"http:\/\/fvo.sk\/?s={search_term_string}\"},\"query-input\":{\"@type\":\"PropertyValueSpecification\",\"valueRequired\":true,\"valueName\":\"search_term_string\"}}],\"inLanguage\":\"sk-SK\"}]}<\/script>\n<!-- \/ Yoast SEO plugin. -->","yoast_head_json":{"title":"Aktivity - Forum pre verejne otazky","robots":{"index":"index","follow":"follow","max-snippet":"max-snippet:-1","max-image-preview":"max-image-preview:large","max-video-preview":"max-video-preview:-1"},"canonical":"https:\/\/fvo.sk\/?page_id=24","og_locale":"sk_SK","og_type":"article","og_title":"Aktivity - Forum pre verejne otazky","og_description":"\u010clenovia F\u00f3ra pre verejn\u00e9 ot\u00e1zky s\u00fa akt\u00edvni v mnoh\u00fdch oblastiach verejn\u00e9ho \u017eivota. Na tejto str\u00e1nke n\u00e1jdete v prvom rade odkazy na aktivity, ktor\u00e9 sa organizuj\u00fa pod hlavi\u010dkou n\u00e1\u0161ho ob\u010dianskeho zdru\u017eenia, v s\u00falade s jeho cie\u013emi. N\u00e1jdete tu v\u0161ak aj ostatn\u00e9 aktivity na\u0161ich \u010dlenov a sympatizantov. Aktivity F\u00f3ra pre verejn\u00e9 ot\u00e1zky, o.z. Vyhl\u00e1senia a otvoren\u00e9 listy [&hellip;]","og_url":"https:\/\/fvo.sk\/?page_id=24","og_site_name":"Forum pre verejne otazky","twitter_card":"summary_large_image","schema":{"@context":"https:\/\/schema.org","@graph":[{"@type":"WebPage","@id":"https:\/\/fvo.sk\/?page_id=24","url":"https:\/\/fvo.sk\/?page_id=24","name":"Aktivity - Forum pre verejne otazky","isPartOf":{"@id":"http:\/\/fvo.sk\/#website"},"datePublished":"2010-03-02T20:22:49+00:00","dateModified":"2010-03-02T20:22:49+00:00","breadcrumb":{"@id":"https:\/\/fvo.sk\/?page_id=24#breadcrumb"},"inLanguage":"sk-SK","potentialAction":[{"@type":"ReadAction","target":["https:\/\/fvo.sk\/?page_id=24"]}]},{"@type":"BreadcrumbList","@id":"https:\/\/fvo.sk\/?page_id=24#breadcrumb","itemListElement":[{"@type":"ListItem","position":1,"name":"Home","item":"http:\/\/fvo.sk\/"},{"@type":"ListItem","position":2,"name":"Aktivity"}]},{"@type":"WebSite","@id":"http:\/\/fvo.sk\/#website","url":"http:\/\/fvo.sk\/","name":"Forum pre verejne otazky","description":"","potentialAction":[{"@type":"SearchAction","target":{"@type":"EntryPoint","urlTemplate":"http:\/\/fvo.sk\/?s={search_term_string}"},"query-input":{"@type":"PropertyValueSpecification","valueRequired":true,"valueName":"search_term_string"}}],"inLanguage":"sk-SK"}]}},"_links":{"self":[{"href":"http:\/\/fvo.sk\/index.php?rest_route=\/wp\/v2\/pages\/24"}],"collection":[{"href":"http:\/\/fvo.sk\/index.php?rest_route=\/wp\/v2\/pages"}],"about":[{"href":"http:\/\/fvo.sk\/index.php?rest_route=\/wp\/v2\/types\/page"}],"author":[{"embeddable":true,"href":"http:\/\/fvo.sk\/index.php?rest_route=\/wp\/v2\/users\/2"}],"replies":[{"embeddable":true,"href":"http:\/\/fvo.sk\/index.php?rest_route=%2Fwp%2Fv2%2Fcomments&post=24"}],"version-history":[{"count":0,"href":"http:\/\/fvo.sk\/index.php?rest_route=\/wp\/v2\/pages\/24\/revisions"}],"wp:attachment":[{"href":"http:\/\/fvo.sk\/index.php?rest_route=%2Fwp%2Fv2%2Fmedia&parent=24"}],"curies":[{"name":"wp","href":"https:\/\/api.w.org\/{rel}","templated":true}]}}