{"id":314,"date":"2009-10-17T15:23:39","date_gmt":"2009-10-17T13:23:39","guid":{"rendered":"http:\/\/fvo.sk\/wp\/?page_id=314"},"modified":"2009-10-17T15:23:39","modified_gmt":"2009-10-17T13:23:39","slug":"gulagy-a-jachymov-stara-lubovna-2009","status":"publish","type":"page","link":"http:\/\/fvo.sk\/?page_id=314","title":{"rendered":"Gulagy a Jachymov, Star\u00e1 \u013dubov\u0148a, 2009"},"content":{"rendered":"<p><a href=\"http:\/\/fvo.sk\/wp-content\/uploads\/2013\/09\/Gulagy-a-Jachymov-001.jpg\"><img loading=\"lazy\" decoding=\"async\" class=\"alignleft size-medium wp-image-250\" alt=\"Gulagy a Jachymov 001\" src=\"http:\/\/fvo.sk\/wp-content\/uploads\/2013\/09\/Gulagy-a-Jachymov-001-194x300.jpg\" width=\"194\" height=\"300\" \/><\/a><\/p>\n","protected":false},"excerpt":{"rendered":"","protected":false},"author":2,"featured_media":0,"parent":67,"menu_order":0,"comment_status":"closed","ping_status":"closed","template":"","meta":{"_monsterinsights_skip_tracking":false,"_monsterinsights_sitenote_active":false,"_monsterinsights_sitenote_note":"","_monsterinsights_sitenote_category":0,"footnotes":""},"class_list":["post-314","page","type-page","status-publish","hentry"],"yoast_head":"<!-- This site is optimized with the Yoast SEO plugin v23.4 - https:\/\/yoast.com\/wordpress\/plugins\/seo\/ -->\n<title>Gulagy a Jachymov, Star\u00e1 \u013dubov\u0148a, 2009 - Forum pre verejne otazky<\/title>\n<meta name=\"robots\" content=\"index, follow, max-snippet:-1, max-image-preview:large, max-video-preview:-1\" \/>\n<link rel=\"canonical\" href=\"https:\/\/fvo.sk\/?page_id=314\" \/>\n<meta property=\"og:locale\" content=\"sk_SK\" \/>\n<meta property=\"og:type\" content=\"article\" \/>\n<meta property=\"og:title\" content=\"Gulagy a Jachymov, Star\u00e1 \u013dubov\u0148a, 2009 - Forum pre verejne otazky\" \/>\n<meta property=\"og:url\" content=\"https:\/\/fvo.sk\/?page_id=314\" \/>\n<meta property=\"og:site_name\" content=\"Forum pre verejne otazky\" \/>\n<meta property=\"og:image\" content=\"http:\/\/fvo.sk\/wp-content\/uploads\/2013\/09\/Gulagy-a-Jachymov-001-194x300.jpg\" \/>\n<meta name=\"twitter:card\" content=\"summary_large_image\" \/>\n<script type=\"application\/ld+json\" class=\"yoast-schema-graph\">{\"@context\":\"https:\/\/schema.org\",\"@graph\":[{\"@type\":\"WebPage\",\"@id\":\"https:\/\/fvo.sk\/?page_id=314\",\"url\":\"https:\/\/fvo.sk\/?page_id=314\",\"name\":\"Gulagy a Jachymov, Star\u00e1 \u013dubov\u0148a, 2009 - Forum pre verejne otazky\",\"isPartOf\":{\"@id\":\"http:\/\/fvo.sk\/#website\"},\"primaryImageOfPage\":{\"@id\":\"https:\/\/fvo.sk\/?page_id=314#primaryimage\"},\"image\":{\"@id\":\"https:\/\/fvo.sk\/?page_id=314#primaryimage\"},\"thumbnailUrl\":\"http:\/\/fvo.sk\/wp-content\/uploads\/2013\/09\/Gulagy-a-Jachymov-001-194x300.jpg\",\"datePublished\":\"2009-10-17T13:23:39+00:00\",\"dateModified\":\"2009-10-17T13:23:39+00:00\",\"breadcrumb\":{\"@id\":\"https:\/\/fvo.sk\/?page_id=314#breadcrumb\"},\"inLanguage\":\"sk-SK\",\"potentialAction\":[{\"@type\":\"ReadAction\",\"target\":[\"https:\/\/fvo.sk\/?page_id=314\"]}]},{\"@type\":\"ImageObject\",\"inLanguage\":\"sk-SK\",\"@id\":\"https:\/\/fvo.sk\/?page_id=314#primaryimage\",\"url\":\"http:\/\/fvo.sk\/wp-content\/uploads\/2013\/09\/Gulagy-a-Jachymov-001-scaled.jpg\",\"contentUrl\":\"http:\/\/fvo.sk\/wp-content\/uploads\/2013\/09\/Gulagy-a-Jachymov-001-scaled.jpg\",\"width\":1660,\"height\":2560},{\"@type\":\"BreadcrumbList\",\"@id\":\"https:\/\/fvo.sk\/?page_id=314#breadcrumb\",\"itemListElement\":[{\"@type\":\"ListItem\",\"position\":1,\"name\":\"Home\",\"item\":\"http:\/\/fvo.sk\/\"},{\"@type\":\"ListItem\",\"position\":2,\"name\":\"Aktivity\",\"item\":\"https:\/\/fvo.sk\/?page_id=24\"},{\"@type\":\"ListItem\",\"position\":3,\"name\":\"Konferencie a osveta\",\"item\":\"https:\/\/fvo.sk\/?page_id=67\"},{\"@type\":\"ListItem\",\"position\":4,\"name\":\"Gulagy a Jachymov, Star\u00e1 \u013dubov\u0148a, 2009\"}]},{\"@type\":\"WebSite\",\"@id\":\"http:\/\/fvo.sk\/#website\",\"url\":\"http:\/\/fvo.sk\/\",\"name\":\"Forum pre verejne otazky\",\"description\":\"\",\"potentialAction\":[{\"@type\":\"SearchAction\",\"target\":{\"@type\":\"EntryPoint\",\"urlTemplate\":\"http:\/\/fvo.sk\/?s={search_term_string}\"},\"query-input\":{\"@type\":\"PropertyValueSpecification\",\"valueRequired\":true,\"valueName\":\"search_term_string\"}}],\"inLanguage\":\"sk-SK\"}]}<\/script>\n<!-- \/ Yoast SEO plugin. -->","yoast_head_json":{"title":"Gulagy a Jachymov, Star\u00e1 \u013dubov\u0148a, 2009 - Forum pre verejne otazky","robots":{"index":"index","follow":"follow","max-snippet":"max-snippet:-1","max-image-preview":"max-image-preview:large","max-video-preview":"max-video-preview:-1"},"canonical":"https:\/\/fvo.sk\/?page_id=314","og_locale":"sk_SK","og_type":"article","og_title":"Gulagy a Jachymov, Star\u00e1 \u013dubov\u0148a, 2009 - Forum pre verejne otazky","og_url":"https:\/\/fvo.sk\/?page_id=314","og_site_name":"Forum pre verejne otazky","og_image":[{"url":"http:\/\/fvo.sk\/wp-content\/uploads\/2013\/09\/Gulagy-a-Jachymov-001-194x300.jpg"}],"twitter_card":"summary_large_image","schema":{"@context":"https:\/\/schema.org","@graph":[{"@type":"WebPage","@id":"https:\/\/fvo.sk\/?page_id=314","url":"https:\/\/fvo.sk\/?page_id=314","name":"Gulagy a Jachymov, Star\u00e1 \u013dubov\u0148a, 2009 - Forum pre verejne otazky","isPartOf":{"@id":"http:\/\/fvo.sk\/#website"},"primaryImageOfPage":{"@id":"https:\/\/fvo.sk\/?page_id=314#primaryimage"},"image":{"@id":"https:\/\/fvo.sk\/?page_id=314#primaryimage"},"thumbnailUrl":"http:\/\/fvo.sk\/wp-content\/uploads\/2013\/09\/Gulagy-a-Jachymov-001-194x300.jpg","datePublished":"2009-10-17T13:23:39+00:00","dateModified":"2009-10-17T13:23:39+00:00","breadcrumb":{"@id":"https:\/\/fvo.sk\/?page_id=314#breadcrumb"},"inLanguage":"sk-SK","potentialAction":[{"@type":"ReadAction","target":["https:\/\/fvo.sk\/?page_id=314"]}]},{"@type":"ImageObject","inLanguage":"sk-SK","@id":"https:\/\/fvo.sk\/?page_id=314#primaryimage","url":"http:\/\/fvo.sk\/wp-content\/uploads\/2013\/09\/Gulagy-a-Jachymov-001-scaled.jpg","contentUrl":"http:\/\/fvo.sk\/wp-content\/uploads\/2013\/09\/Gulagy-a-Jachymov-001-scaled.jpg","width":1660,"height":2560},{"@type":"BreadcrumbList","@id":"https:\/\/fvo.sk\/?page_id=314#breadcrumb","itemListElement":[{"@type":"ListItem","position":1,"name":"Home","item":"http:\/\/fvo.sk\/"},{"@type":"ListItem","position":2,"name":"Aktivity","item":"https:\/\/fvo.sk\/?page_id=24"},{"@type":"ListItem","position":3,"name":"Konferencie a osveta","item":"https:\/\/fvo.sk\/?page_id=67"},{"@type":"ListItem","position":4,"name":"Gulagy a Jachymov, Star\u00e1 \u013dubov\u0148a, 2009"}]},{"@type":"WebSite","@id":"http:\/\/fvo.sk\/#website","url":"http:\/\/fvo.sk\/","name":"Forum pre verejne otazky","description":"","potentialAction":[{"@type":"SearchAction","target":{"@type":"EntryPoint","urlTemplate":"http:\/\/fvo.sk\/?s={search_term_string}"},"query-input":{"@type":"PropertyValueSpecification","valueRequired":true,"valueName":"search_term_string"}}],"inLanguage":"sk-SK"}]}},"_links":{"self":[{"href":"http:\/\/fvo.sk\/index.php?rest_route=\/wp\/v2\/pages\/314"}],"collection":[{"href":"http:\/\/fvo.sk\/index.php?rest_route=\/wp\/v2\/pages"}],"about":[{"href":"http:\/\/fvo.sk\/index.php?rest_route=\/wp\/v2\/types\/page"}],"author":[{"embeddable":true,"href":"http:\/\/fvo.sk\/index.php?rest_route=\/wp\/v2\/users\/2"}],"replies":[{"embeddable":true,"href":"http:\/\/fvo.sk\/index.php?rest_route=%2Fwp%2Fv2%2Fcomments&post=314"}],"version-history":[{"count":0,"href":"http:\/\/fvo.sk\/index.php?rest_route=\/wp\/v2\/pages\/314\/revisions"}],"up":[{"embeddable":true,"href":"http:\/\/fvo.sk\/index.php?rest_route=\/wp\/v2\/pages\/67"}],"wp:attachment":[{"href":"http:\/\/fvo.sk\/index.php?rest_route=%2Fwp%2Fv2%2Fmedia&parent=314"}],"curies":[{"name":"wp","href":"https:\/\/api.w.org\/{rel}","templated":true}]}}