{"id":575,"date":"2017-03-07T22:26:09","date_gmt":"2017-03-07T20:26:09","guid":{"rendered":"http:\/\/fvo.sk\/wp\/?page_id=575"},"modified":"2017-03-07T22:26:09","modified_gmt":"2017-03-07T20:26:09","slug":"zbornik-z-konferencie-vychova-a-vzdelavanie-ako-nastroj-na-deformovanie-hodnotoveho-systemu-spolocnosti-v-smizany-2016","status":"publish","type":"page","link":"https:\/\/fvo.sk\/?page_id=575","title":{"rendered":"Zborn\u00edk z konferencie V\u00fdchova a vzdel\u00e1vanie ako n\u00e1stroj na (de)formovanie hodnotov\u00e9ho syst\u00e9mu spolo\u010dnosti V \u2013 Smi\u017eany 2016"},"content":{"rendered":"<p><a href=\"http:\/\/fvo.sk\/wp-content\/uploads\/2016\/01\/ZbornikSmizany2016_web.pdf\">zborn\u00edk<\/a><\/p>\n","protected":false},"excerpt":{"rendered":"<p>zborn\u00edk<\/p>\n","protected":false},"author":2,"featured_media":0,"parent":67,"menu_order":0,"comment_status":"closed","ping_status":"closed","template":"page-templates\/full-width.php","meta":{"_monsterinsights_skip_tracking":false,"_monsterinsights_sitenote_active":false,"_monsterinsights_sitenote_note":"","_monsterinsights_sitenote_category":0,"footnotes":""},"class_list":["post-575","page","type-page","status-publish","hentry"],"yoast_head":"<!-- This site is optimized with the Yoast SEO plugin v23.4 - https:\/\/yoast.com\/wordpress\/plugins\/seo\/ -->\n<title>Zborn\u00edk z konferencie V\u00fdchova a vzdel\u00e1vanie ako n\u00e1stroj na (de)formovanie hodnotov\u00e9ho syst\u00e9mu spolo\u010dnosti V \u2013 Smi\u017eany 2016 - Forum pre verejne otazky<\/title>\n<meta name=\"robots\" content=\"index, follow, max-snippet:-1, max-image-preview:large, max-video-preview:-1\" \/>\n<link rel=\"canonical\" href=\"http:\/\/fvo.sk\/?page_id=575\" \/>\n<meta property=\"og:locale\" content=\"sk_SK\" \/>\n<meta property=\"og:type\" content=\"article\" \/>\n<meta property=\"og:title\" content=\"Zborn\u00edk z konferencie V\u00fdchova a vzdel\u00e1vanie ako n\u00e1stroj na (de)formovanie hodnotov\u00e9ho syst\u00e9mu spolo\u010dnosti V \u2013 Smi\u017eany 2016 - Forum pre verejne otazky\" \/>\n<meta property=\"og:description\" content=\"zborn\u00edk\" \/>\n<meta property=\"og:url\" content=\"http:\/\/fvo.sk\/?page_id=575\" \/>\n<meta property=\"og:site_name\" content=\"Forum pre verejne otazky\" \/>\n<meta name=\"twitter:card\" content=\"summary_large_image\" \/>\n<script type=\"application\/ld+json\" class=\"yoast-schema-graph\">{\"@context\":\"https:\/\/schema.org\",\"@graph\":[{\"@type\":\"WebPage\",\"@id\":\"http:\/\/fvo.sk\/?page_id=575\",\"url\":\"http:\/\/fvo.sk\/?page_id=575\",\"name\":\"Zborn\u00edk z konferencie V\u00fdchova a vzdel\u00e1vanie ako n\u00e1stroj na (de)formovanie hodnotov\u00e9ho syst\u00e9mu spolo\u010dnosti V \u2013 Smi\u017eany 2016 - Forum pre verejne otazky\",\"isPartOf\":{\"@id\":\"https:\/\/fvo.sk\/#website\"},\"datePublished\":\"2017-03-07T20:26:09+00:00\",\"dateModified\":\"2017-03-07T20:26:09+00:00\",\"breadcrumb\":{\"@id\":\"http:\/\/fvo.sk\/?page_id=575#breadcrumb\"},\"inLanguage\":\"sk-SK\",\"potentialAction\":[{\"@type\":\"ReadAction\",\"target\":[\"http:\/\/fvo.sk\/?page_id=575\"]}]},{\"@type\":\"BreadcrumbList\",\"@id\":\"http:\/\/fvo.sk\/?page_id=575#breadcrumb\",\"itemListElement\":[{\"@type\":\"ListItem\",\"position\":1,\"name\":\"Home\",\"item\":\"https:\/\/fvo.sk\/\"},{\"@type\":\"ListItem\",\"position\":2,\"name\":\"Aktivity\",\"item\":\"https:\/\/fvo.sk\/?page_id=24\"},{\"@type\":\"ListItem\",\"position\":3,\"name\":\"Konferencie a osveta\",\"item\":\"https:\/\/fvo.sk\/?page_id=67\"},{\"@type\":\"ListItem\",\"position\":4,\"name\":\"Zborn\u00edk z konferencie V\u00fdchova a vzdel\u00e1vanie ako n\u00e1stroj na (de)formovanie hodnotov\u00e9ho syst\u00e9mu spolo\u010dnosti V \u2013 Smi\u017eany 2016\"}]},{\"@type\":\"WebSite\",\"@id\":\"https:\/\/fvo.sk\/#website\",\"url\":\"https:\/\/fvo.sk\/\",\"name\":\"Forum pre verejne otazky\",\"description\":\"\",\"potentialAction\":[{\"@type\":\"SearchAction\",\"target\":{\"@type\":\"EntryPoint\",\"urlTemplate\":\"https:\/\/fvo.sk\/?s={search_term_string}\"},\"query-input\":{\"@type\":\"PropertyValueSpecification\",\"valueRequired\":true,\"valueName\":\"search_term_string\"}}],\"inLanguage\":\"sk-SK\"}]}<\/script>\n<!-- \/ Yoast SEO plugin. -->","yoast_head_json":{"title":"Zborn\u00edk z konferencie V\u00fdchova a vzdel\u00e1vanie ako n\u00e1stroj na (de)formovanie hodnotov\u00e9ho syst\u00e9mu spolo\u010dnosti V \u2013 Smi\u017eany 2016 - Forum pre verejne otazky","robots":{"index":"index","follow":"follow","max-snippet":"max-snippet:-1","max-image-preview":"max-image-preview:large","max-video-preview":"max-video-preview:-1"},"canonical":"http:\/\/fvo.sk\/?page_id=575","og_locale":"sk_SK","og_type":"article","og_title":"Zborn\u00edk z konferencie V\u00fdchova a vzdel\u00e1vanie ako n\u00e1stroj na (de)formovanie hodnotov\u00e9ho syst\u00e9mu spolo\u010dnosti V \u2013 Smi\u017eany 2016 - Forum pre verejne otazky","og_description":"zborn\u00edk","og_url":"http:\/\/fvo.sk\/?page_id=575","og_site_name":"Forum pre verejne otazky","twitter_card":"summary_large_image","schema":{"@context":"https:\/\/schema.org","@graph":[{"@type":"WebPage","@id":"http:\/\/fvo.sk\/?page_id=575","url":"http:\/\/fvo.sk\/?page_id=575","name":"Zborn\u00edk z konferencie V\u00fdchova a vzdel\u00e1vanie ako n\u00e1stroj na (de)formovanie hodnotov\u00e9ho syst\u00e9mu spolo\u010dnosti V \u2013 Smi\u017eany 2016 - Forum pre verejne otazky","isPartOf":{"@id":"https:\/\/fvo.sk\/#website"},"datePublished":"2017-03-07T20:26:09+00:00","dateModified":"2017-03-07T20:26:09+00:00","breadcrumb":{"@id":"http:\/\/fvo.sk\/?page_id=575#breadcrumb"},"inLanguage":"sk-SK","potentialAction":[{"@type":"ReadAction","target":["http:\/\/fvo.sk\/?page_id=575"]}]},{"@type":"BreadcrumbList","@id":"http:\/\/fvo.sk\/?page_id=575#breadcrumb","itemListElement":[{"@type":"ListItem","position":1,"name":"Home","item":"https:\/\/fvo.sk\/"},{"@type":"ListItem","position":2,"name":"Aktivity","item":"https:\/\/fvo.sk\/?page_id=24"},{"@type":"ListItem","position":3,"name":"Konferencie a osveta","item":"https:\/\/fvo.sk\/?page_id=67"},{"@type":"ListItem","position":4,"name":"Zborn\u00edk z konferencie V\u00fdchova a vzdel\u00e1vanie ako n\u00e1stroj na (de)formovanie hodnotov\u00e9ho syst\u00e9mu spolo\u010dnosti V \u2013 Smi\u017eany 2016"}]},{"@type":"WebSite","@id":"https:\/\/fvo.sk\/#website","url":"https:\/\/fvo.sk\/","name":"Forum pre verejne otazky","description":"","potentialAction":[{"@type":"SearchAction","target":{"@type":"EntryPoint","urlTemplate":"https:\/\/fvo.sk\/?s={search_term_string}"},"query-input":{"@type":"PropertyValueSpecification","valueRequired":true,"valueName":"search_term_string"}}],"inLanguage":"sk-SK"}]}},"_links":{"self":[{"href":"https:\/\/fvo.sk\/index.php?rest_route=\/wp\/v2\/pages\/575"}],"collection":[{"href":"https:\/\/fvo.sk\/index.php?rest_route=\/wp\/v2\/pages"}],"about":[{"href":"https:\/\/fvo.sk\/index.php?rest_route=\/wp\/v2\/types\/page"}],"author":[{"embeddable":true,"href":"https:\/\/fvo.sk\/index.php?rest_route=\/wp\/v2\/users\/2"}],"replies":[{"embeddable":true,"href":"https:\/\/fvo.sk\/index.php?rest_route=%2Fwp%2Fv2%2Fcomments&post=575"}],"version-history":[{"count":0,"href":"https:\/\/fvo.sk\/index.php?rest_route=\/wp\/v2\/pages\/575\/revisions"}],"up":[{"embeddable":true,"href":"https:\/\/fvo.sk\/index.php?rest_route=\/wp\/v2\/pages\/67"}],"wp:attachment":[{"href":"https:\/\/fvo.sk\/index.php?rest_route=%2Fwp%2Fv2%2Fmedia&parent=575"}],"curies":[{"name":"wp","href":"https:\/\/api.w.org\/{rel}","templated":true}]}}