{"id":611,"date":"2010-03-02T11:07:30","date_gmt":"2010-03-02T09:07:30","guid":{"rendered":"http:\/\/fvo.sk.d139wh.forpsi.com\/wp\/?page_id=5"},"modified":"2024-09-17T20:51:18","modified_gmt":"2024-09-17T18:51:18","slug":"o-fvo","status":"publish","type":"page","link":"https:\/\/fvo.sk\/?page_id=611","title":{"rendered":"O FVO"},"content":{"rendered":"<h2>Ciele F\u00f3ra pre verejn\u00e9 ot\u00e1zky<\/h2>\n<ol>\n<li>Vn\u00e1\u0161a\u0165 kres\u0165ansk\u00e9 princ\u00edpy do ka\u017edodenn\u00e9ho \u017eivota.<\/li>\n<li>Ozdravi\u0165 spolo\u010dnos\u0165 prekonan\u00edm nedostatku etick\u00fdch hodn\u00f4t a princ\u00edpov. Pom\u00f4c\u0165 t\u00fdm na\u0161ej krajine zauja\u0165 tak\u00e9 miesto v regi\u00f3ne, Eur\u00f3pe a medzin\u00e1rodnom spolo\u010denstve, ktor\u00e9 lep\u0161ie\u00a0 zodpoved\u00e1 jej potenci\u00e1lu a predpokladom.<\/li>\n<li>Predstavova\u0165 vhodn\u00fa platformu na spolo\u010dn\u00e9 vyjadrovanie sa k verejn\u00fdm z\u00e1le\u017eitostiam pre t\u00fdch ob\u010danov, ktor\u00ed maj\u00fa z\u00e1ujem o t\u00fato oblas\u0165 a by\u0165 komunika\u010dn\u00fdm uzlom.<\/li>\n<li>Stimulova\u0165 z\u00e1ujem a anga\u017eovanos\u0165 slovenskej spolo\u010dnosti .<\/li>\n<li>Formova\u0165 osobnosti pre zodpovedn\u00fd v\u00fdkon verejnej slu\u017eby s pevn\u00fdmi mor\u00e1lnymi z\u00e1sadami a vysokou odbornou zdatnos\u0165ou.<\/li>\n<li>Podnecova\u0165 verejn\u00fdch \u010dinite\u013eov k rie\u0161eniu aktu\u00e1lnych spolo\u010densk\u00fdch probl\u00e9mov Slovenska v duchu kres\u0165ansk\u00fdch hodn\u00f4t a princ\u00edpov.<\/li>\n<li>Akt\u00edvne h\u013eada\u0165 sp\u00f4soby na \u010do naj\u0161ir\u0161ie vn\u00e1\u0161anie odbornosti a transparentnosti do spr\u00e1vy vec\u00ed verejn\u00fdch.<\/li>\n<li>Vpl\u00fdva\u0165 na skvalitnenie legislat\u00edvnej, exekut\u00edvnej a s\u00fadnej moci, a t\u00fdm posilni\u0165 ob\u010diansku spolo\u010dnos\u0165 a demokraciu.<\/li>\n<li>Vyzdvihn\u00fa\u0165 prav\u00e9 \u013eudsk\u00e9 vzory<\/li>\n<\/ol>\n<h2><a title=\"Predsedn\u00edctvo FVO\" href=\"http:\/\/fvo.sk\/wp\/?page_id=50\">Predsedn\u00edctvo F\u00f3ra<\/a><\/h2>\n<h2><a href=\"http:\/\/fvo.sk\/wp-content\/uploads\/2013\/10\/Stanovy_FVO_2010.pdf\">Stanovy F\u00f3ra<\/a><\/h2>\n<h2><a title=\"Vyro\u010dn\u00e9 spr\u00e1vy\" href=\"http:\/\/fvo.sk\/wp\/?p=331\">Spr\u00e1vy o \u010dinnosti<\/a><\/h2>\n<h2>Z\u00e1very zo stretnut\u00ed<\/h2>\n","protected":false},"excerpt":{"rendered":"<p>Ciele F\u00f3ra pre verejn\u00e9 ot\u00e1zky Vn\u00e1\u0161a\u0165 kres\u0165ansk\u00e9 princ\u00edpy do ka\u017edodenn\u00e9ho \u017eivota. Ozdravi\u0165 spolo\u010dnos\u0165 prekonan\u00edm nedostatku etick\u00fdch hodn\u00f4t a princ\u00edpov. Pom\u00f4c\u0165 t\u00fdm na\u0161ej krajine zauja\u0165 tak\u00e9 miesto v regi\u00f3ne, Eur\u00f3pe a medzin\u00e1rodnom spolo\u010denstve, ktor\u00e9 lep\u0161ie\u00a0 zodpoved\u00e1 jej potenci\u00e1lu a predpokladom. Predstavova\u0165 vhodn\u00fa platformu na spolo\u010dn\u00e9 vyjadrovanie sa k verejn\u00fdm z\u00e1le\u017eitostiam pre t\u00fdch ob\u010danov, ktor\u00ed maj\u00fa z\u00e1ujem [&hellip;]<\/p>\n","protected":false},"author":2,"featured_media":0,"parent":0,"menu_order":1,"comment_status":"closed","ping_status":"open","template":"page-templates\/full-width.php","meta":{"_monsterinsights_skip_tracking":false,"_monsterinsights_sitenote_active":false,"_monsterinsights_sitenote_note":"","_monsterinsights_sitenote_category":0,"footnotes":""},"class_list":["post-611","page","type-page","status-publish","hentry"],"yoast_head":"<!-- This site is optimized with the Yoast SEO plugin v23.4 - https:\/\/yoast.com\/wordpress\/plugins\/seo\/ -->\n<title>O FVO - Forum pre verejne otazky<\/title>\n<meta name=\"robots\" content=\"index, follow, max-snippet:-1, max-image-preview:large, max-video-preview:-1\" \/>\n<link rel=\"canonical\" href=\"http:\/\/fvo.sk\/?page_id=611\" \/>\n<meta property=\"og:locale\" content=\"sk_SK\" \/>\n<meta property=\"og:type\" content=\"article\" \/>\n<meta property=\"og:title\" content=\"O FVO - Forum pre verejne otazky\" \/>\n<meta property=\"og:description\" content=\"Ciele F\u00f3ra pre verejn\u00e9 ot\u00e1zky Vn\u00e1\u0161a\u0165 kres\u0165ansk\u00e9 princ\u00edpy do ka\u017edodenn\u00e9ho \u017eivota. Ozdravi\u0165 spolo\u010dnos\u0165 prekonan\u00edm nedostatku etick\u00fdch hodn\u00f4t a princ\u00edpov. Pom\u00f4c\u0165 t\u00fdm na\u0161ej krajine zauja\u0165 tak\u00e9 miesto v regi\u00f3ne, Eur\u00f3pe a medzin\u00e1rodnom spolo\u010denstve, ktor\u00e9 lep\u0161ie\u00a0 zodpoved\u00e1 jej potenci\u00e1lu a predpokladom. Predstavova\u0165 vhodn\u00fa platformu na spolo\u010dn\u00e9 vyjadrovanie sa k verejn\u00fdm z\u00e1le\u017eitostiam pre t\u00fdch ob\u010danov, ktor\u00ed maj\u00fa z\u00e1ujem [&hellip;]\" \/>\n<meta property=\"og:url\" content=\"http:\/\/fvo.sk\/?page_id=611\" \/>\n<meta property=\"og:site_name\" content=\"Forum pre verejne otazky\" \/>\n<meta property=\"article:modified_time\" content=\"2024-09-17T18:51:18+00:00\" \/>\n<meta name=\"twitter:card\" content=\"summary_large_image\" \/>\n<meta name=\"twitter:label1\" content=\"Predpokladan\u00fd \u010das \u010d\u00edtania\" \/>\n\t<meta name=\"twitter:data1\" content=\"1 min\u00fata\" \/>\n<script type=\"application\/ld+json\" class=\"yoast-schema-graph\">{\"@context\":\"https:\/\/schema.org\",\"@graph\":[{\"@type\":\"WebPage\",\"@id\":\"http:\/\/fvo.sk\/?page_id=611\",\"url\":\"http:\/\/fvo.sk\/?page_id=611\",\"name\":\"O FVO - Forum pre verejne otazky\",\"isPartOf\":{\"@id\":\"http:\/\/fvo.sk\/#website\"},\"datePublished\":\"2010-03-02T09:07:30+00:00\",\"dateModified\":\"2024-09-17T18:51:18+00:00\",\"breadcrumb\":{\"@id\":\"http:\/\/fvo.sk\/?page_id=611#breadcrumb\"},\"inLanguage\":\"sk-SK\",\"potentialAction\":[{\"@type\":\"ReadAction\",\"target\":[\"http:\/\/fvo.sk\/?page_id=611\"]}]},{\"@type\":\"BreadcrumbList\",\"@id\":\"http:\/\/fvo.sk\/?page_id=611#breadcrumb\",\"itemListElement\":[{\"@type\":\"ListItem\",\"position\":1,\"name\":\"Home\",\"item\":\"http:\/\/fvo.sk\/\"},{\"@type\":\"ListItem\",\"position\":2,\"name\":\"O FVO\"}]},{\"@type\":\"WebSite\",\"@id\":\"http:\/\/fvo.sk\/#website\",\"url\":\"http:\/\/fvo.sk\/\",\"name\":\"Forum pre verejne otazky\",\"description\":\"\",\"potentialAction\":[{\"@type\":\"SearchAction\",\"target\":{\"@type\":\"EntryPoint\",\"urlTemplate\":\"http:\/\/fvo.sk\/?s={search_term_string}\"},\"query-input\":{\"@type\":\"PropertyValueSpecification\",\"valueRequired\":true,\"valueName\":\"search_term_string\"}}],\"inLanguage\":\"sk-SK\"}]}<\/script>\n<!-- \/ Yoast SEO plugin. -->","yoast_head_json":{"title":"O FVO - Forum pre verejne otazky","robots":{"index":"index","follow":"follow","max-snippet":"max-snippet:-1","max-image-preview":"max-image-preview:large","max-video-preview":"max-video-preview:-1"},"canonical":"http:\/\/fvo.sk\/?page_id=611","og_locale":"sk_SK","og_type":"article","og_title":"O FVO - Forum pre verejne otazky","og_description":"Ciele F\u00f3ra pre verejn\u00e9 ot\u00e1zky Vn\u00e1\u0161a\u0165 kres\u0165ansk\u00e9 princ\u00edpy do ka\u017edodenn\u00e9ho \u017eivota. Ozdravi\u0165 spolo\u010dnos\u0165 prekonan\u00edm nedostatku etick\u00fdch hodn\u00f4t a princ\u00edpov. Pom\u00f4c\u0165 t\u00fdm na\u0161ej krajine zauja\u0165 tak\u00e9 miesto v regi\u00f3ne, Eur\u00f3pe a medzin\u00e1rodnom spolo\u010denstve, ktor\u00e9 lep\u0161ie\u00a0 zodpoved\u00e1 jej potenci\u00e1lu a predpokladom. Predstavova\u0165 vhodn\u00fa platformu na spolo\u010dn\u00e9 vyjadrovanie sa k verejn\u00fdm z\u00e1le\u017eitostiam pre t\u00fdch ob\u010danov, ktor\u00ed maj\u00fa z\u00e1ujem [&hellip;]","og_url":"http:\/\/fvo.sk\/?page_id=611","og_site_name":"Forum pre verejne otazky","article_modified_time":"2024-09-17T18:51:18+00:00","twitter_card":"summary_large_image","twitter_misc":{"Predpokladan\u00fd \u010das \u010d\u00edtania":"1 min\u00fata"},"schema":{"@context":"https:\/\/schema.org","@graph":[{"@type":"WebPage","@id":"http:\/\/fvo.sk\/?page_id=611","url":"http:\/\/fvo.sk\/?page_id=611","name":"O FVO - Forum pre verejne otazky","isPartOf":{"@id":"http:\/\/fvo.sk\/#website"},"datePublished":"2010-03-02T09:07:30+00:00","dateModified":"2024-09-17T18:51:18+00:00","breadcrumb":{"@id":"http:\/\/fvo.sk\/?page_id=611#breadcrumb"},"inLanguage":"sk-SK","potentialAction":[{"@type":"ReadAction","target":["http:\/\/fvo.sk\/?page_id=611"]}]},{"@type":"BreadcrumbList","@id":"http:\/\/fvo.sk\/?page_id=611#breadcrumb","itemListElement":[{"@type":"ListItem","position":1,"name":"Home","item":"http:\/\/fvo.sk\/"},{"@type":"ListItem","position":2,"name":"O FVO"}]},{"@type":"WebSite","@id":"http:\/\/fvo.sk\/#website","url":"http:\/\/fvo.sk\/","name":"Forum pre verejne otazky","description":"","potentialAction":[{"@type":"SearchAction","target":{"@type":"EntryPoint","urlTemplate":"http:\/\/fvo.sk\/?s={search_term_string}"},"query-input":{"@type":"PropertyValueSpecification","valueRequired":true,"valueName":"search_term_string"}}],"inLanguage":"sk-SK"}]}},"_links":{"self":[{"href":"https:\/\/fvo.sk\/index.php?rest_route=\/wp\/v2\/pages\/611"}],"collection":[{"href":"https:\/\/fvo.sk\/index.php?rest_route=\/wp\/v2\/pages"}],"about":[{"href":"https:\/\/fvo.sk\/index.php?rest_route=\/wp\/v2\/types\/page"}],"author":[{"embeddable":true,"href":"https:\/\/fvo.sk\/index.php?rest_route=\/wp\/v2\/users\/2"}],"replies":[{"embeddable":true,"href":"https:\/\/fvo.sk\/index.php?rest_route=%2Fwp%2Fv2%2Fcomments&post=611"}],"version-history":[{"count":1,"href":"https:\/\/fvo.sk\/index.php?rest_route=\/wp\/v2\/pages\/611\/revisions"}],"predecessor-version":[{"id":633,"href":"https:\/\/fvo.sk\/index.php?rest_route=\/wp\/v2\/pages\/611\/revisions\/633"}],"wp:attachment":[{"href":"https:\/\/fvo.sk\/index.php?rest_route=%2Fwp%2Fv2%2Fmedia&parent=611"}],"curies":[{"name":"wp","href":"https:\/\/api.w.org\/{rel}","templated":true}]}}